{"id":2319,"date":"2023-11-22T19:46:18","date_gmt":"2023-11-22T19:46:18","guid":{"rendered":"https:\/\/conocetufe.org\/index.php\/sentido-de-la-muerte-2\/"},"modified":"2024-01-04T16:41:33","modified_gmt":"2024-01-04T16:41:33","slug":"maria-madre-de-jesus","status":"publish","type":"page","link":"https:\/\/conocetufe.org\/index.php\/maria-madre-de-jesus\/","title":{"rendered":"Conoce que dice la Iglesia sobre Mar\u00eda, madre de Jes\u00fas"},"content":{"rendered":"<p>[et_pb_section fb_built=\u00bb1&#8243; custom_padding_last_edited=\u00bboff|tablet\u00bb disabled_on=\u00bbon|on|off\u00bb admin_label=\u00bbHeader\u00bb _builder_version=\u00bb4.23.1&#8243; _module_preset=\u00bbdefault\u00bb background_enable_color=\u00bboff\u00bb use_background_color_gradient=\u00bbon\u00bb background_color_gradient_stops=\u00bbrgba(0,0,0,0.3) 0%|rgba(0,0,0,0.76) 100%\u00bb background_color_gradient_overlays_image=\u00bbon\u00bb background_color_gradient_start=\u00bbrgba(0,0,0,0.3)\u00bb background_color_gradient_end=\u00bbrgba(0,0,0,0.76)\u00bb background_image=\u00bbhttps:\/\/conocetufe.org\/wp-content\/uploads\/2023\/11\/cab_muerte.jpg\u00bb custom_padding=\u00bb10vw||0px||false|false\u00bb custom_padding_tablet=\u00bb||||false|false\u00bb global_colors_info=\u00bb{}\u00bb][et_pb_row _builder_version=\u00bb4.16&#8243; _module_preset=\u00bbdefault\u00bb custom_margin=\u00bb-52px|auto||auto||\u00bb global_colors_info=\u00bb{}\u00bb][et_pb_column type=\u00bb4_4&#8243; _builder_version=\u00bb4.16&#8243; _module_preset=\u00bbdefault\u00bb global_colors_info=\u00bb{}\u00bb][et_pb_text _builder_version=\u00bb4.23.1&#8243; _module_preset=\u00bbe598b17a-9229-42f6-b238-019d6094332e\u00bb header_font=\u00bbRoboto|500|||||||\u00bb header_text_color=\u00bb#FFFFFF\u00bb header_font_size=\u00bb59px\u00bb header_line_height=\u00bb1.15em\u00bb max_width=\u00bb800px\u00bb header_font_size_tablet=\u00bb40px\u00bb header_font_size_phone=\u00bb24px\u00bb header_font_size_last_edited=\u00bbon|desktop\u00bb locked=\u00bboff\u00bb global_colors_info=\u00bb{}\u00bb]<\/p>\n<h1>Conoce que dice la Iglesia sobre Mar\u00eda, madre de Jes\u00fas<\/h1>\n<p>[\/et_pb_text][\/et_pb_column][\/et_pb_row][et_pb_row column_structure=\u00bb1_3,1_3,1_3&#8243; use_custom_gutter=\u00bbon\u00bb gutter_width=\u00bb1&#8243; make_equal=\u00bbon\u00bb _builder_version=\u00bb4.23.1&#8243; _module_preset=\u00bbdefault\u00bb width=\u00bb100%\u00bb max_width=\u00bb100%\u00bb custom_margin=\u00bb6vw||||false|false\u00bb custom_margin_tablet=\u00bb0px||||false|false\u00bb custom_margin_last_edited=\u00bboff|desktop\u00bb custom_padding=\u00bb0px||0px||true|false\u00bb global_colors_info=\u00bb{}\u00bb][et_pb_column type=\u00bb1_3&#8243; _builder_version=\u00bb4.16&#8243; _module_preset=\u00bbdefault\u00bb background_color=\u00bbrgba(245,201,102,0.8)\u00bb background_image=\u00bbhttps:\/\/conocetufe.org\/wp-content\/uploads\/2023\/11\/high-school_50.png\u00bb background_size=\u00bbinitial\u00bb background_position=\u00bbtop_left\u00bb background_repeat=\u00bbrepeat-x\u00bb custom_padding=\u00bb60px|30px|40px|30px|false|true\u00bb custom_padding_tablet=\u00bb40px|20px|20px|20px|false|true\u00bb custom_padding_phone=\u00bb40px|20px|20px|20px|false|true\u00bb custom_padding_last_edited=\u00bbon|desktop\u00bb global_colors_info=\u00bb{}\u00bb][\/et_pb_column][et_pb_column type=\u00bb1_3&#8243; _builder_version=\u00bb4.23.1&#8243; _module_preset=\u00bbdefault\u00bb background_color=\u00bbrgba(247,130,126,0.8)\u00bb background_image=\u00bbhttps:\/\/conocetufe.org\/wp-content\/uploads\/2023\/11\/high-school_50.png\u00bb background_size=\u00bbinitial\u00bb background_position=\u00bbtop_left\u00bb background_repeat=\u00bbrepeat-x\u00bb custom_padding=\u00bb60px|30px|40px|30px|false|true\u00bb custom_padding_tablet=\u00bb40px|20px|20px|20px|false|true\u00bb custom_padding_phone=\u00bb40px|20px|20px|20px|false|true\u00bb custom_padding_last_edited=\u00bbon|desktop\u00bb global_colors_info=\u00bb{}\u00bb][\/et_pb_column][et_pb_column type=\u00bb1_3&#8243; _builder_version=\u00bb4.16&#8243; _module_preset=\u00bbdefault\u00bb background_color=\u00bbrgba(31,63,168,0.8)\u00bb background_image=\u00bbhttps:\/\/conocetufe.org\/wp-content\/uploads\/2023\/11\/high-school_50.png\u00bb background_size=\u00bbinitial\u00bb background_position=\u00bbtop_left\u00bb background_repeat=\u00bbrepeat-x\u00bb custom_padding=\u00bb60px|30px|40px|30px|false|true\u00bb custom_padding_tablet=\u00bb40px|20px|20px|20px|false|true\u00bb custom_padding_phone=\u00bb40px|20px|20px|20px|false|true\u00bb custom_padding_last_edited=\u00bbon|desktop\u00bb global_colors_info=\u00bb{}\u00bb][\/et_pb_column][\/et_pb_row][\/et_pb_section][et_pb_section fb_built=\u00bb1&#8243; custom_padding_last_edited=\u00bboff|tablet\u00bb disabled_on=\u00bboff|on|on\u00bb admin_label=\u00bbHeader\u00bb _builder_version=\u00bb4.23.1&#8243; _module_preset=\u00bbdefault\u00bb background_enable_color=\u00bboff\u00bb use_background_color_gradient=\u00bbon\u00bb background_color_gradient_stops=\u00bbrgba(0,0,0,0.3) 0%|rgba(0,0,0,0.76) 100%\u00bb background_color_gradient_overlays_image=\u00bbon\u00bb background_color_gradient_start=\u00bbrgba(0,0,0,0.3)\u00bb background_color_gradient_end=\u00bbrgba(0,0,0,0.76)\u00bb background_image=\u00bbhttps:\/\/conocetufe.org\/wp-content\/uploads\/2023\/11\/cab_muerte.jpg\u00bb custom_padding=\u00bb4vw||0px||false|false\u00bb custom_padding_tablet=\u00bb||||false|false\u00bb global_colors_info=\u00bb{}\u00bb][et_pb_row _builder_version=\u00bb4.16&#8243; _module_preset=\u00bbdefault\u00bb custom_margin=\u00bb-52px|auto|-21px|auto||\u00bb global_colors_info=\u00bb{}\u00bb][et_pb_column type=\u00bb4_4&#8243; _builder_version=\u00bb4.16&#8243; _module_preset=\u00bbdefault\u00bb global_colors_info=\u00bb{}\u00bb][et_pb_text _builder_version=\u00bb4.23.1&#8243; _module_preset=\u00bbe598b17a-9229-42f6-b238-019d6094332e\u00bb text_font_size=\u00bb13px\u00bb header_font=\u00bbRoboto|500|||||||\u00bb header_text_color=\u00bb#FFFFFF\u00bb header_font_size=\u00bb80px\u00bb header_line_height=\u00bb1.15em\u00bb max_width=\u00bb800px\u00bb custom_padding=\u00bb59px|||||\u00bb header_font_size_tablet=\u00bb40px\u00bb header_font_size_phone=\u00bb22px\u00bb header_font_size_last_edited=\u00bbon|desktop\u00bb locked=\u00bboff\u00bb global_colors_info=\u00bb{}\u00bb]<\/p>\n<h1>Conoce que dice la Iglesia sobre Mar\u00eda, madre de Jes\u00fas<\/h1>\n<p>[\/et_pb_text][\/et_pb_column][\/et_pb_row][et_pb_row use_custom_gutter=\u00bbon\u00bb gutter_width=\u00bb1&#8243; make_equal=\u00bbon\u00bb _builder_version=\u00bb4.23.1&#8243; _module_preset=\u00bbdefault\u00bb background_color=\u00bbrgba(245,201,102,0.8)\u00bb width=\u00bb100%\u00bb max_width=\u00bb100%\u00bb custom_margin=\u00bb6vw|auto|19px|auto|false|false\u00bb custom_margin_tablet=\u00bb0px||||false|false\u00bb custom_margin_last_edited=\u00bboff|desktop\u00bb custom_padding=\u00bb0px||0px||true|false\u00bb locked=\u00bboff\u00bb global_colors_info=\u00bb{}\u00bb][et_pb_column type=\u00bb4_4&#8243; _builder_version=\u00bb4.16&#8243; _module_preset=\u00bbdefault\u00bb background_color=\u00bbrgba(245,201,102,0.8)\u00bb background_image=\u00bbhttps:\/\/conocetufe.org\/wp-content\/uploads\/2023\/11\/high-school_50.png\u00bb background_size=\u00bbinitial\u00bb background_position=\u00bbtop_left\u00bb background_repeat=\u00bbrepeat-x\u00bb custom_padding=\u00bb60px|30px|40px|30px|false|true\u00bb custom_padding_tablet=\u00bb40px|20px|20px|20px|false|true\u00bb custom_padding_phone=\u00bb40px|20px|20px|20px|false|true\u00bb custom_padding_last_edited=\u00bbon|desktop\u00bb global_colors_info=\u00bb{}\u00bb][et_pb_text _builder_version=\u00bb4.23.1&#8243; _module_preset=\u00bbdefault\u00bb text_text_color=\u00bbrgba(245,201,102,0.8)\u00bb text_font_size=\u00bb9px\u00bb min_height=\u00bb11.8px\u00bb custom_margin=\u00bb-31px||-31px|||\u00bb global_colors_info=\u00bb{}\u00bb]<\/p>\n<p>.<\/p>\n<p>[\/et_pb_text][\/et_pb_column][\/et_pb_row][\/et_pb_section][et_pb_section fb_built=\u00bb1&#8243; _builder_version=\u00bb4.23.1&#8243; _module_preset=\u00bbdefault\u00bb background_color=\u00bb#000000&#8243; custom_padding=\u00bb20px|||||\u00bb locked=\u00bboff\u00bb collapsed=\u00bboff\u00bb global_colors_info=\u00bb{}\u00bb][et_pb_row _builder_version=\u00bb4.23.1&#8243; _module_preset=\u00bbdefault\u00bb width=\u00bb77%\u00bb max_width=\u00bb1615px\u00bb custom_padding=\u00bb0px|||||\u00bb global_colors_info=\u00bb{}\u00bb][et_pb_column type=\u00bb4_4&#8243; _builder_version=\u00bb4.16&#8243; _module_preset=\u00bbdefault\u00bb global_colors_info=\u00bb{}\u00bb][et_pb_video src=\u00bbhttps:\/\/youtu.be\/t3eF3lJzJXo?si=B4-08FSxz2YRhW7r\u00bb _builder_version=\u00bb4.23.1&#8243; _module_preset=\u00bbdefault\u00bb global_colors_info=\u00bb{}\u00bb][\/et_pb_video][\/et_pb_column][\/et_pb_row][et_pb_row _builder_version=\u00bb4.23.1&#8243; _module_preset=\u00bbdefault\u00bb global_colors_info=\u00bb{}\u00bb][et_pb_column type=\u00bb4_4&#8243; _builder_version=\u00bb4.23.1&#8243; _module_preset=\u00bbdefault\u00bb global_colors_info=\u00bb{}\u00bb][et_pb_text _builder_version=\u00bb4.23.1&#8243; _module_preset=\u00bbdefault\u00bb text_font=\u00bb|300|||||||\u00bb text_text_color=\u00bb#FFFFFF\u00bb text_font_size=\u00bb18px\u00bb header_text_color=\u00bb#FFFFFF\u00bb global_colors_info=\u00bb{}\u00bb]<\/p>\n<p style=\"text-align: center;\"><yt-attributed-string class=\"style-scope ytd-text-inline-expander\"><span class=\"yt-core-attributed-string yt-core-attributed-string--white-space-pre-wrap\" role=\"text\"><strong><span class=\"yt-core-attributed-string--link-inherit-color\">Mar\u00eda, madre de Jes\u00fas y madre de Dios. Lo que ense\u00f1a la Iglesia. P. Gerardo Aste<\/span><\/strong><\/span><\/yt-attributed-string><\/p>\n<p>[\/et_pb_text][\/et_pb_column][\/et_pb_row][\/et_pb_section][et_pb_section fb_built=\u00bb1&#8243; admin_label=\u00bbFooter\u00bb _builder_version=\u00bb4.23.1&#8243; _module_preset=\u00bbdefault\u00bb background_color=\u00bb#141414&#8243; custom_margin=\u00bb||||false|false\u00bb custom_padding=\u00bb67px|||||\u00bb saved_tabs=\u00bball\u00bb global_colors_info=\u00bb{}\u00bb][et_pb_row column_structure=\u00bb1_3,1_3,1_3&#8243; use_custom_gutter=\u00bbon\u00bb gutter_width=\u00bb1&#8243; make_equal=\u00bbon\u00bb _builder_version=\u00bb4.23.1&#8243; _module_preset=\u00bbdefault\u00bb max_width=\u00bb1440px\u00bb custom_margin=\u00bb-90px||||false|false\u00bb custom_padding=\u00bb0px||||false|false\u00bb global_colors_info=\u00bb{}\u00bb][et_pb_column type=\u00bb1_3&#8243; _builder_version=\u00bb4.23.1&#8243; _module_preset=\u00bbdefault\u00bb background_color=\u00bbrgba(89,69,0,0.8)\u00bb background_image=\u00bbhttps:\/\/conocetufe.org\/wp-content\/uploads\/2023\/11\/high-school_17.png\u00bb background_size=\u00bbinitial\u00bb background_position=\u00bbtop_right\u00bb background_repeat=\u00bbrepeat-y\u00bb custom_padding=\u00bb40px|40px|40px|20px|true|false\u00bb global_colors_info=\u00bb{}\u00bb][et_pb_text _builder_version=\u00bb4.23.1&#8243; _module_preset=\u00bb5c989a74-8649-4b9a-a4a2-6d2b8ae2551c\u00bb header_4_font=\u00bbRoboto|700||on|||||\u00bb header_4_text_color=\u00bbrgba(255,255,255,0.5)\u00bb header_4_font_size=\u00bb12px\u00bb header_4_letter_spacing=\u00bb3px\u00bb header_4_line_height=\u00bb1.5em\u00bb custom_margin=\u00bb||0px||false|false\u00bb locked=\u00bboff\u00bb global_colors_info=\u00bb{}\u00bb]<\/p>\n<h4>Direcci\u00f3n<\/h4>\n<p>[\/et_pb_text][et_pb_text _builder_version=\u00bb4.23.1&#8243; _module_preset=\u00bbc2a3d585-c259-4e5a-8faa-710c0e634348&#8243; text_font=\u00bbRoboto|500|||||||\u00bb text_text_color=\u00bb#FFFFFF\u00bb text_font_size=\u00bb16px\u00bb text_line_height=\u00bb1.6em\u00bb header_5_text_color=\u00bb#FFFFFF\u00bb header_5_line_height=\u00bb1.8em\u00bb text_font_size_tablet=\u00bb15px\u00bb text_font_size_phone=\u00bb14px\u00bb text_font_size_last_edited=\u00bbon|desktop\u00bb header_font_size_tablet=\u00bb55px\u00bb header_font_size_last_edited=\u00bboff|desktop\u00bb locked=\u00bboff\u00bb global_colors_info=\u00bb{}\u00bb]<\/p>\n<p>Av. Buganvilla 155 Valle Hermoso. Surco<\/p>\n<p>[\/et_pb_text][\/et_pb_column][et_pb_column type=\u00bb1_3&#8243; _builder_version=\u00bb4.16&#8243; _module_preset=\u00bbdefault\u00bb background_color=\u00bb#1F3FA8&#8243; background_image=\u00bbhttps:\/\/conocetufe.org\/wp-content\/uploads\/2023\/11\/high-school_17.png\u00bb background_size=\u00bbinitial\u00bb background_position=\u00bbtop_right\u00bb background_repeat=\u00bbrepeat-y\u00bb custom_padding=\u00bb40px|40px|40px|20px|true|false\u00bb global_colors_info=\u00bb{}\u00bb][et_pb_text _builder_version=\u00bb4.16&#8243; _module_preset=\u00bb5c989a74-8649-4b9a-a4a2-6d2b8ae2551c\u00bb header_4_font=\u00bbRoboto|700||on|||||\u00bb header_4_text_color=\u00bbrgba(255,255,255,0.5)\u00bb header_4_font_size=\u00bb12px\u00bb header_4_letter_spacing=\u00bb3px\u00bb header_4_line_height=\u00bb1.5em\u00bb custom_margin=\u00bb||0px||false|false\u00bb locked=\u00bboff\u00bb global_colors_info=\u00bb{}\u00bb]<\/p>\n<h4>Email<\/h4>\n<p>[\/et_pb_text][et_pb_text _builder_version=\u00bb4.23.1&#8243; _module_preset=\u00bbc2a3d585-c259-4e5a-8faa-710c0e634348&#8243; text_font=\u00bbRoboto|500|||||||\u00bb text_text_color=\u00bb#FFFFFF\u00bb text_font_size=\u00bb16px\u00bb text_line_height=\u00bb1.6em\u00bb link_text_color=\u00bb#FFFFFF\u00bb header_5_text_color=\u00bb#FFFFFF\u00bb header_5_line_height=\u00bb1.8em\u00bb text_font_size_tablet=\u00bb15px\u00bb text_font_size_phone=\u00bb14px\u00bb text_font_size_last_edited=\u00bbon|desktop\u00bb header_font_size_tablet=\u00bb55px\u00bb header_font_size_last_edited=\u00bboff|desktop\u00bb locked=\u00bboff\u00bb global_colors_info=\u00bb{}\u00bb]<\/p>\n<p><a href=\"mailto:paxtv@paxtv.org\">admin@paxtv.org<\/a><\/p>\n<p>[\/et_pb_text][\/et_pb_column][et_pb_column type=\u00bb1_3&#8243; _builder_version=\u00bb4.16&#8243; _module_preset=\u00bbdefault\u00bb background_color=\u00bb#62acac\u00bb background_image=\u00bbhttps:\/\/conocetufe.org\/wp-content\/uploads\/2023\/11\/high-school_17.png\u00bb background_size=\u00bbinitial\u00bb background_position=\u00bbtop_right\u00bb background_repeat=\u00bbrepeat-y\u00bb custom_padding=\u00bb40px|40px|40px|20px|true|false\u00bb global_colors_info=\u00bb{}\u00bb][et_pb_text _builder_version=\u00bb4.23.1&#8243; _module_preset=\u00bb5c989a74-8649-4b9a-a4a2-6d2b8ae2551c\u00bb header_4_font=\u00bbRoboto|700||on|||||\u00bb header_4_text_color=\u00bbrgba(255,255,255,0.5)\u00bb header_4_font_size=\u00bb12px\u00bb header_4_letter_spacing=\u00bb3px\u00bb header_4_line_height=\u00bb1.5em\u00bb custom_margin=\u00bb||0px||false|false\u00bb custom_margin_last_edited=\u00bboff|desktop\u00bb locked=\u00bboff\u00bb global_colors_info=\u00bb{}\u00bb]<\/p>\n<h4>Tel\u00e9fono<\/h4>\n<p>[\/et_pb_text][et_pb_text _builder_version=\u00bb4.23.1&#8243; _module_preset=\u00bbc2a3d585-c259-4e5a-8faa-710c0e634348&#8243; text_font=\u00bbRoboto|500|||||||\u00bb text_text_color=\u00bb#FFFFFF\u00bb text_font_size=\u00bb16px\u00bb text_line_height=\u00bb1.6em\u00bb link_text_color=\u00bb#FFFFFF\u00bb header_5_text_color=\u00bb#FFFFFF\u00bb header_5_line_height=\u00bb1.8em\u00bb text_font_size_tablet=\u00bb15px\u00bb text_font_size_phone=\u00bb14px\u00bb text_font_size_last_edited=\u00bbon|desktop\u00bb header_font_size_tablet=\u00bb55px\u00bb header_font_size_last_edited=\u00bboff|desktop\u00bb locked=\u00bboff\u00bb global_colors_info=\u00bb{}\u00bb]<\/p>\n<p>(511)-3440951<\/p>\n<p>[\/et_pb_text][\/et_pb_column][\/et_pb_row][\/et_pb_section]<\/p>\n","protected":false},"excerpt":{"rendered":"<p>Conoce que dice la Iglesia sobre Mar\u00eda, madre de Jes\u00fasConoce que dice la Iglesia sobre Mar\u00eda, madre de Jes\u00fas.Mar\u00eda, madre de Jes\u00fas y madre de Dios. Lo que ense\u00f1a la Iglesia. P. Gerardo AsteDirecci\u00f3nAv. Buganvilla 155 Valle Hermoso. SurcoEmailadmin@paxtv.orgTel\u00e9fono(511)-3440951<\/p>\n","protected":false},"author":1,"featured_media":2329,"parent":0,"menu_order":0,"comment_status":"closed","ping_status":"closed","template":"","meta":{"_et_pb_use_builder":"on","_et_pb_old_content":"","_et_gb_content_width":"","footnotes":""},"class_list":["post-2319","page","type-page","status-publish","has-post-thumbnail","hentry"],"yoast_head":"<!-- This site is optimized with the Yoast SEO plugin v26.8 - https:\/\/yoast.com\/product\/yoast-seo-wordpress\/ -->\n<title>Conoce que dice la Iglesia sobre Mar\u00eda, madre de Jes\u00fas - Conoce tu fe<\/title>\n<meta name=\"robots\" content=\"index, follow, max-snippet:-1, max-image-preview:large, max-video-preview:-1\" \/>\n<link rel=\"canonical\" href=\"https:\/\/conocetufe.org\/index.php\/maria-madre-de-jesus\/\" \/>\n<meta property=\"og:locale\" content=\"es_ES\" \/>\n<meta property=\"og:type\" content=\"article\" \/>\n<meta property=\"og:title\" content=\"Conoce que dice la Iglesia sobre Mar\u00eda, madre de Jes\u00fas - Conoce tu fe\" \/>\n<meta property=\"og:description\" content=\"Conoce que dice la Iglesia sobre Mar\u00eda, madre de Jes\u00fasConoce que dice la Iglesia sobre Mar\u00eda, madre de Jes\u00fas.Mar\u00eda, madre de Jes\u00fas y madre de Dios. Lo que ense\u00f1a la Iglesia. P. Gerardo AsteDirecci\u00f3nAv. Buganvilla 155 Valle Hermoso. SurcoEmailadmin@paxtv.orgTel\u00e9fono(511)-3440951\" \/>\n<meta property=\"og:url\" content=\"https:\/\/conocetufe.org\/index.php\/maria-madre-de-jesus\/\" \/>\n<meta property=\"og:site_name\" content=\"Conoce tu fe\" \/>\n<meta property=\"article:modified_time\" content=\"2024-01-04T16:41:33+00:00\" \/>\n<meta property=\"og:image\" content=\"https:\/\/conocetufe.org\/wp-content\/uploads\/2024\/01\/47.jpg\" \/>\n\t<meta property=\"og:image:width\" content=\"1920\" \/>\n\t<meta property=\"og:image:height\" content=\"1080\" \/>\n\t<meta property=\"og:image:type\" content=\"image\/jpeg\" \/>\n<meta name=\"twitter:card\" content=\"summary_large_image\" \/>\n<meta name=\"twitter:label1\" content=\"Est. reading time\" \/>\n\t<meta name=\"twitter:data1\" content=\"8 minutos\" \/>\n<script type=\"application\/ld+json\" class=\"yoast-schema-graph\">{\"@context\":\"https:\/\/schema.org\",\"@graph\":[{\"@type\":\"WebPage\",\"@id\":\"https:\/\/conocetufe.org\/index.php\/maria-madre-de-jesus\/\",\"url\":\"https:\/\/conocetufe.org\/index.php\/maria-madre-de-jesus\/\",\"name\":\"Conoce que dice la Iglesia sobre Mar\u00eda, madre de Jes\u00fas - Conoce tu fe\",\"isPartOf\":{\"@id\":\"https:\/\/conocetufe.org\/#website\"},\"primaryImageOfPage\":{\"@id\":\"https:\/\/conocetufe.org\/index.php\/maria-madre-de-jesus\/#primaryimage\"},\"image\":{\"@id\":\"https:\/\/conocetufe.org\/index.php\/maria-madre-de-jesus\/#primaryimage\"},\"thumbnailUrl\":\"https:\/\/conocetufe.org\/wp-content\/uploads\/2024\/01\/47.jpg\",\"datePublished\":\"2023-11-22T19:46:18+00:00\",\"dateModified\":\"2024-01-04T16:41:33+00:00\",\"breadcrumb\":{\"@id\":\"https:\/\/conocetufe.org\/index.php\/maria-madre-de-jesus\/#breadcrumb\"},\"inLanguage\":\"es-PE\",\"potentialAction\":[{\"@type\":\"ReadAction\",\"target\":[\"https:\/\/conocetufe.org\/index.php\/maria-madre-de-jesus\/\"]}]},{\"@type\":\"ImageObject\",\"inLanguage\":\"es-PE\",\"@id\":\"https:\/\/conocetufe.org\/index.php\/maria-madre-de-jesus\/#primaryimage\",\"url\":\"https:\/\/conocetufe.org\/wp-content\/uploads\/2024\/01\/47.jpg\",\"contentUrl\":\"https:\/\/conocetufe.org\/wp-content\/uploads\/2024\/01\/47.jpg\",\"width\":1920,\"height\":1080},{\"@type\":\"BreadcrumbList\",\"@id\":\"https:\/\/conocetufe.org\/index.php\/maria-madre-de-jesus\/#breadcrumb\",\"itemListElement\":[{\"@type\":\"ListItem\",\"position\":1,\"name\":\"Home\",\"item\":\"https:\/\/conocetufe.org\/\"},{\"@type\":\"ListItem\",\"position\":2,\"name\":\"Conoce que dice la Iglesia sobre Mar\u00eda, madre de Jes\u00fas\"}]},{\"@type\":\"WebSite\",\"@id\":\"https:\/\/conocetufe.org\/#website\",\"url\":\"https:\/\/conocetufe.org\/\",\"name\":\"Conoce tu fe\",\"description\":\"Una escuela de conocimiento cat\u00f3lico\",\"potentialAction\":[{\"@type\":\"SearchAction\",\"target\":{\"@type\":\"EntryPoint\",\"urlTemplate\":\"https:\/\/conocetufe.org\/?s={search_term_string}\"},\"query-input\":{\"@type\":\"PropertyValueSpecification\",\"valueRequired\":true,\"valueName\":\"search_term_string\"}}],\"inLanguage\":\"es-PE\"}]}<\/script>\n<!-- \/ Yoast SEO plugin. -->","yoast_head_json":{"title":"Conoce que dice la Iglesia sobre Mar\u00eda, madre de Jes\u00fas - Conoce tu fe","robots":{"index":"index","follow":"follow","max-snippet":"max-snippet:-1","max-image-preview":"max-image-preview:large","max-video-preview":"max-video-preview:-1"},"canonical":"https:\/\/conocetufe.org\/index.php\/maria-madre-de-jesus\/","og_locale":"es_ES","og_type":"article","og_title":"Conoce que dice la Iglesia sobre Mar\u00eda, madre de Jes\u00fas - Conoce tu fe","og_description":"Conoce que dice la Iglesia sobre Mar\u00eda, madre de Jes\u00fasConoce que dice la Iglesia sobre Mar\u00eda, madre de Jes\u00fas.Mar\u00eda, madre de Jes\u00fas y madre de Dios. Lo que ense\u00f1a la Iglesia. P. Gerardo AsteDirecci\u00f3nAv. Buganvilla 155 Valle Hermoso. SurcoEmailadmin@paxtv.orgTel\u00e9fono(511)-3440951","og_url":"https:\/\/conocetufe.org\/index.php\/maria-madre-de-jesus\/","og_site_name":"Conoce tu fe","article_modified_time":"2024-01-04T16:41:33+00:00","og_image":[{"width":1920,"height":1080,"url":"https:\/\/conocetufe.org\/wp-content\/uploads\/2024\/01\/47.jpg","type":"image\/jpeg"}],"twitter_card":"summary_large_image","twitter_misc":{"Est. reading time":"8 minutos"},"schema":{"@context":"https:\/\/schema.org","@graph":[{"@type":"WebPage","@id":"https:\/\/conocetufe.org\/index.php\/maria-madre-de-jesus\/","url":"https:\/\/conocetufe.org\/index.php\/maria-madre-de-jesus\/","name":"Conoce que dice la Iglesia sobre Mar\u00eda, madre de Jes\u00fas - Conoce tu fe","isPartOf":{"@id":"https:\/\/conocetufe.org\/#website"},"primaryImageOfPage":{"@id":"https:\/\/conocetufe.org\/index.php\/maria-madre-de-jesus\/#primaryimage"},"image":{"@id":"https:\/\/conocetufe.org\/index.php\/maria-madre-de-jesus\/#primaryimage"},"thumbnailUrl":"https:\/\/conocetufe.org\/wp-content\/uploads\/2024\/01\/47.jpg","datePublished":"2023-11-22T19:46:18+00:00","dateModified":"2024-01-04T16:41:33+00:00","breadcrumb":{"@id":"https:\/\/conocetufe.org\/index.php\/maria-madre-de-jesus\/#breadcrumb"},"inLanguage":"es-PE","potentialAction":[{"@type":"ReadAction","target":["https:\/\/conocetufe.org\/index.php\/maria-madre-de-jesus\/"]}]},{"@type":"ImageObject","inLanguage":"es-PE","@id":"https:\/\/conocetufe.org\/index.php\/maria-madre-de-jesus\/#primaryimage","url":"https:\/\/conocetufe.org\/wp-content\/uploads\/2024\/01\/47.jpg","contentUrl":"https:\/\/conocetufe.org\/wp-content\/uploads\/2024\/01\/47.jpg","width":1920,"height":1080},{"@type":"BreadcrumbList","@id":"https:\/\/conocetufe.org\/index.php\/maria-madre-de-jesus\/#breadcrumb","itemListElement":[{"@type":"ListItem","position":1,"name":"Home","item":"https:\/\/conocetufe.org\/"},{"@type":"ListItem","position":2,"name":"Conoce que dice la Iglesia sobre Mar\u00eda, madre de Jes\u00fas"}]},{"@type":"WebSite","@id":"https:\/\/conocetufe.org\/#website","url":"https:\/\/conocetufe.org\/","name":"Conoce tu fe","description":"Una escuela de conocimiento cat\u00f3lico","potentialAction":[{"@type":"SearchAction","target":{"@type":"EntryPoint","urlTemplate":"https:\/\/conocetufe.org\/?s={search_term_string}"},"query-input":{"@type":"PropertyValueSpecification","valueRequired":true,"valueName":"search_term_string"}}],"inLanguage":"es-PE"}]}},"_links":{"self":[{"href":"https:\/\/conocetufe.org\/index.php\/wp-json\/wp\/v2\/pages\/2319","targetHints":{"allow":["GET"]}}],"collection":[{"href":"https:\/\/conocetufe.org\/index.php\/wp-json\/wp\/v2\/pages"}],"about":[{"href":"https:\/\/conocetufe.org\/index.php\/wp-json\/wp\/v2\/types\/page"}],"author":[{"embeddable":true,"href":"https:\/\/conocetufe.org\/index.php\/wp-json\/wp\/v2\/users\/1"}],"replies":[{"embeddable":true,"href":"https:\/\/conocetufe.org\/index.php\/wp-json\/wp\/v2\/comments?post=2319"}],"version-history":[{"count":6,"href":"https:\/\/conocetufe.org\/index.php\/wp-json\/wp\/v2\/pages\/2319\/revisions"}],"predecessor-version":[{"id":2330,"href":"https:\/\/conocetufe.org\/index.php\/wp-json\/wp\/v2\/pages\/2319\/revisions\/2330"}],"wp:featuredmedia":[{"embeddable":true,"href":"https:\/\/conocetufe.org\/index.php\/wp-json\/wp\/v2\/media\/2329"}],"wp:attachment":[{"href":"https:\/\/conocetufe.org\/index.php\/wp-json\/wp\/v2\/media?parent=2319"}],"curies":[{"name":"wp","href":"https:\/\/api.w.org\/{rel}","templated":true}]}}