{"id":1490,"date":"2022-01-14T20:37:09","date_gmt":"2022-01-14T20:37:09","guid":{"rendered":"https:\/\/conocetufe.org\/index.php\/camino-de-jesus-3\/"},"modified":"2023-11-23T20:09:20","modified_gmt":"2023-11-23T20:09:20","slug":"descubriendo-la-felicidad","status":"publish","type":"page","link":"https:\/\/conocetufe.org\/index.php\/descubriendo-la-felicidad\/","title":{"rendered":"Descubriendo la Felicidad"},"content":{"rendered":"<p>[et_pb_section fb_built=\u00bb1&#8243; custom_padding_last_edited=\u00bbon|desktop\u00bb admin_label=\u00bbHeader\u00bb _builder_version=\u00bb4.16&#8243; background_color=\u00bb#FFFFFF\u00bb background_image=\u00bbhttps:\/\/conocetufe.org\/wp-content\/uploads\/2022\/01\/cab_descubriendo.jpg\u00bb background_position=\u00bbbottom_center\u00bb width=\u00bb100%\u00bb max_width=\u00bb100%\u00bb min_height=\u00bb100px\u00bb max_height=\u00bb1000px\u00bb custom_padding=\u00bb7px||228px|||\u00bb custom_padding_tablet=\u00bb0px||5vw\u00bb custom_padding_phone=\u00bb\u00bb box_shadow_vertical_tablet=\u00bb\u00bb box_shadow_vertical_phone=\u00bb\u00bb box_shadow_vertical_last_edited=\u00bbon|tablet\u00bb locked=\u00bboff\u00bb global_colors_info=\u00bb{}\u00bb][et_pb_row _builder_version=\u00bb4.16&#8243; module_alignment=\u00bbcenter\u00bb locked=\u00bboff\u00bb global_colors_info=\u00bb{}\u00bb][et_pb_column type=\u00bb4_4&#8243; _builder_version=\u00bb4.16&#8243; custom_padding=\u00bb|||\u00bb global_colors_info=\u00bb{}\u00bb custom_padding__hover=\u00bb|||\u00bb][et_pb_text _builder_version=\u00bb4.16&#8243; text_font=\u00bbLato||||||||\u00bb text_font_size=\u00bb22px\u00bb text_line_height=\u00bb1.9em\u00bb header_font=\u00bbPT Serif|700|||||||\u00bb header_font_size=\u00bb67px\u00bb header_line_height=\u00bb1.2em\u00bb background_layout=\u00bbdark\u00bb custom_margin=\u00bb32px||||false|false\u00bb custom_padding=\u00bb0px||||false|false\u00bb text_font_size_tablet=\u00bb\u00bb text_font_size_phone=\u00bb18px\u00bb text_font_size_last_edited=\u00bbon|phone\u00bb header_font_size_tablet=\u00bb60px\u00bb header_font_size_phone=\u00bb36px\u00bb header_font_size_last_edited=\u00bbon|phone\u00bb text_text_shadow_style=\u00bbpreset1&#8243; global_colors_info=\u00bb{}\u00bb]<\/p>\n<h1 style=\"text-align: center;\">Descubriendo la Felicidad<\/h1>\n<p>[\/et_pb_text][\/et_pb_column][\/et_pb_row][\/et_pb_section][et_pb_section fb_built=\u00bb1&#8243; _builder_version=\u00bb4.16&#8243; _module_preset=\u00bbdefault\u00bb global_colors_info=\u00bb{}\u00bb][et_pb_row _builder_version=\u00bb4.16&#8243; _module_preset=\u00bbdefault\u00bb global_colors_info=\u00bb{}\u00bb][et_pb_column type=\u00bb4_4&#8243; _builder_version=\u00bb4.16&#8243; _module_preset=\u00bbdefault\u00bb global_colors_info=\u00bb{}\u00bb][et_pb_text _builder_version=\u00bb4.16&#8243; _module_preset=\u00bbdefault\u00bb text_font=\u00bbPT Serif||||||||\u00bb global_colors_info=\u00bb{}\u00bb]<\/p>\n<h2 style=\"text-align: center;\"><em>\u00abEl discernimiento espiritual seg\u00fan la espiritualidad Ignaciana\u00bb<\/em><\/h2>\n<p>[\/et_pb_text][\/et_pb_column][\/et_pb_row][et_pb_row column_structure=\u00bb1_2,1_2&#8243; _builder_version=\u00bb4.16&#8243; _module_preset=\u00bbdefault\u00bb width=\u00bb79%\u00bb max_width=\u00bb2100px\u00bb global_colors_info=\u00bb{}\u00bb][et_pb_column type=\u00bb1_2&#8243; _builder_version=\u00bb4.16&#8243; _module_preset=\u00bbdefault\u00bb global_colors_info=\u00bb{}\u00bb][et_pb_video src=\u00bbhttps:\/\/youtu.be\/m0APLbzMg40?si=nXzoMa4akP0w01Xp\u00bb _builder_version=\u00bb4.19.0&#8243; _module_preset=\u00bbdefault\u00bb locked=\u00bboff\u00bb global_colors_info=\u00bb{}\u00bb][\/et_pb_video][et_pb_toggle title=\u00bbEpisodio 1 &#8211; DISCERNIMIENTO ESPIRITUAL\u00bb icon_color=\u00bb#000000&#8243; _builder_version=\u00bb4.16&#8243; _module_preset=\u00bbdefault\u00bb title_font=\u00bb|700|||||||\u00bb locked=\u00bboff\u00bb global_colors_info=\u00bb{}\u00bb]<\/p>\n<p><span>Elegir el camino que me lleva hacia Dios, es elegir el camino de la felicidad. \u00bfC\u00f3mo elegir el camino sin equivocarnos? Necesitamos un instrumento para ello, una herramienta que nos conduzca por el verdadero camino. Esa herramienta, es el discernimiento espiritual. Microprograma a cargo del p. Gerardo Aste S.J.<\/span><\/p>\n<p>[\/et_pb_toggle][\/et_pb_column][et_pb_column type=\u00bb1_2&#8243; _builder_version=\u00bb4.16&#8243; _module_preset=\u00bbdefault\u00bb global_colors_info=\u00bb{}\u00bb][et_pb_video src=\u00bbhttps:\/\/youtu.be\/o0LJLcklBsU?si=5u6xcHp9m-iAZFYY\u00bb _builder_version=\u00bb4.19.0&#8243; _module_preset=\u00bbdefault\u00bb locked=\u00bboff\u00bb global_colors_info=\u00bb{}\u00bb][\/et_pb_video][et_pb_toggle title=\u00bbEpisodio 2 &#8211; DISCERNIMIENTO ESPIRITUAL\u00bb icon_color=\u00bb#000000&#8243; _builder_version=\u00bb4.16&#8243; _module_preset=\u00bbdefault\u00bb title_font=\u00bb|700|||||||\u00bb locked=\u00bboff\u00bb global_colors_info=\u00bb{}\u00bb]<\/p>\n<p><span>Dios debe ser siempre lo que me mueva a actuar, debe estar en el centro de mis decisiones y por tanto debo cuidar mi relaci\u00f3n con \u00c9l para llegar a conocerlo, de otra forma me ser\u00e1 lejano. Una manera de lograrlo es con una vida de oraci\u00f3n.<\/span><\/p>\n<p>[\/et_pb_toggle][\/et_pb_column][\/et_pb_row][et_pb_row column_structure=\u00bb1_2,1_2&#8243; _builder_version=\u00bb4.16&#8243; _module_preset=\u00bbdefault\u00bb width=\u00bb79%\u00bb max_width=\u00bb2100px\u00bb global_colors_info=\u00bb{}\u00bb][et_pb_column type=\u00bb1_2&#8243; _builder_version=\u00bb4.16&#8243; _module_preset=\u00bbdefault\u00bb global_colors_info=\u00bb{}\u00bb][et_pb_video src=\u00bbhttps:\/\/youtu.be\/r42q9qHwfYY?si=VVhqbsQPh0PCBd29&#8243; _builder_version=\u00bb4.19.0&#8243; _module_preset=\u00bbdefault\u00bb locked=\u00bboff\u00bb global_colors_info=\u00bb{}\u00bb][\/et_pb_video][et_pb_toggle title=\u00bbEpisodio 3 &#8211; DISCERNIMIENTO ESPIRITUAL\u00bb icon_color=\u00bb#000000&#8243; _builder_version=\u00bb4.16&#8243; _module_preset=\u00bbdefault\u00bb title_font=\u00bb|700|||||||\u00bb locked=\u00bboff\u00bb global_colors_info=\u00bb{}\u00bb]<\/p>\n<p><span>El \u00fanico fin que debe orientarnos durante toda la vida ha de ser Dios, al modo de Jes\u00fas, a quien la voluntad de su Padre, marc\u00f3 toda su vida: \u201cMi alimento es hacer la voluntad del que me ha enviado\u201d.<\/span><\/p>\n<p>[\/et_pb_toggle][\/et_pb_column][et_pb_column type=\u00bb1_2&#8243; _builder_version=\u00bb4.16&#8243; _module_preset=\u00bbdefault\u00bb global_colors_info=\u00bb{}\u00bb][et_pb_video src=\u00bbhttps:\/\/youtu.be\/_uYREYvAzUA?si=c35j3DLc1IQTWzNN\u00bb _builder_version=\u00bb4.19.0&#8243; _module_preset=\u00bbdefault\u00bb locked=\u00bboff\u00bb global_colors_info=\u00bb{}\u00bb][\/et_pb_video][et_pb_toggle title=\u00bbEpisodio 4 &#8211; DISCERNIMIENTO ESPIRITUAL\u00bb icon_color=\u00bb#000000&#8243; _builder_version=\u00bb4.16&#8243; _module_preset=\u00bbdefault\u00bb title_font=\u00bb|700|||||||\u00bb locked=\u00bboff\u00bb global_colors_info=\u00bb{}\u00bb]<\/p>\n<p><span>Nuestra vida se desarrolla en una constante toma de decisiones, y estas, son siempre en relaci\u00f3n a los medios que son los caminos que nos llevan a Dios. Si es verdad, que, en toda elecci\u00f3n, debemos elegir siempre el mejor medio, veremos en este cap\u00edtulo, que no siempre ocurre as\u00ed.<\/span><\/p>\n<p>[\/et_pb_toggle][\/et_pb_column][\/et_pb_row][et_pb_row column_structure=\u00bb1_2,1_2&#8243; _builder_version=\u00bb4.16&#8243; _module_preset=\u00bbdefault\u00bb width=\u00bb79%\u00bb max_width=\u00bb2100px\u00bb global_colors_info=\u00bb{}\u00bb][et_pb_column type=\u00bb1_2&#8243; _builder_version=\u00bb4.16&#8243; _module_preset=\u00bbdefault\u00bb global_colors_info=\u00bb{}\u00bb][et_pb_video src=\u00bbhttps:\/\/youtu.be\/zjYGF5NVUFc?si=WxU7GPKBN1HO1V3w\u00bb _builder_version=\u00bb4.19.0&#8243; _module_preset=\u00bbdefault\u00bb locked=\u00bboff\u00bb global_colors_info=\u00bb{}\u00bb][\/et_pb_video][et_pb_toggle title=\u00bbEpisodio 5 &#8211; DISCERNIMIENTO ESPIRITUAL\u00bb icon_color=\u00bb#000000&#8243; _builder_version=\u00bb4.16&#8243; _module_preset=\u00bbdefault\u00bb title_font=\u00bb|700|||||||\u00bb locked=\u00bboff\u00bb global_colors_info=\u00bb{}\u00bb]<\/p>\n<p><span>El discernimiento espiritual nos ayuda a distinguir fundamentalmente lo que es de Dios de aquello que no lo es. \u00bfC\u00f3mo hacemos esta distinci\u00f3n? Primero, examinando en nuestro interior pues lo que ocurre en \u00e9l es lo que nos orienta hacia una alternativa o hacia otra.<\/span><\/p>\n<p>[\/et_pb_toggle][\/et_pb_column][et_pb_column type=\u00bb1_2&#8243; _builder_version=\u00bb4.16&#8243; _module_preset=\u00bbdefault\u00bb global_colors_info=\u00bb{}\u00bb][et_pb_video src=\u00bbhttps:\/\/youtu.be\/8Diu4Tm_bvg?si=tA_7YRtkhxjPegha\u00bb _builder_version=\u00bb4.19.0&#8243; _module_preset=\u00bbdefault\u00bb locked=\u00bboff\u00bb global_colors_info=\u00bb{}\u00bb][\/et_pb_video][et_pb_toggle title=\u00bbEpisodio 6 &#8211; DISCERNIMIENTO ESPIRITUAL\u00bb icon_color=\u00bb#000000&#8243; _builder_version=\u00bb4.16&#8243; _module_preset=\u00bbdefault\u00bb title_font=\u00bb|700|||||||\u00bb locked=\u00bboff\u00bb global_colors_info=\u00bb{}\u00bb]<\/p>\n<p class=\"title style-scope ytd-video-primary-info-renderer\"><yt-formatted-string force-default-style=\"\" class=\"style-scope ytd-video-primary-info-renderer\">Distinciones Iniciales<\/yt-formatted-string><\/p>\n<p>[\/et_pb_toggle][\/et_pb_column][\/et_pb_row][et_pb_row column_structure=\u00bb1_2,1_2&#8243; _builder_version=\u00bb4.16&#8243; _module_preset=\u00bbdefault\u00bb width=\u00bb79%\u00bb max_width=\u00bb2100px\u00bb global_colors_info=\u00bb{}\u00bb][et_pb_column type=\u00bb1_2&#8243; _builder_version=\u00bb4.16&#8243; _module_preset=\u00bbdefault\u00bb global_colors_info=\u00bb{}\u00bb][et_pb_video src=\u00bbhttps:\/\/youtu.be\/SiIiVrKFJdA?si=Aa6dDThXcyMvZdZA\u00bb _builder_version=\u00bb4.19.0&#8243; _module_preset=\u00bbdefault\u00bb locked=\u00bboff\u00bb global_colors_info=\u00bb{}\u00bb][\/et_pb_video][et_pb_toggle title=\u00bbEpisodio 7 &#8211; DISCERNIMIENTO ESPIRITUAL\u00bb icon_color=\u00bb#000000&#8243; _builder_version=\u00bb4.16&#8243; _module_preset=\u00bbdefault\u00bb title_font=\u00bb|700|||||||\u00bb locked=\u00bboff\u00bb global_colors_info=\u00bb{}\u00bb]<\/p>\n<p class=\"title style-scope ytd-video-primary-info-renderer\"><yt-formatted-string force-default-style=\"\" class=\"style-scope ytd-video-primary-info-renderer\">Distinciones ulteriores<\/yt-formatted-string><\/p>\n<p>[\/et_pb_toggle][\/et_pb_column][et_pb_column type=\u00bb1_2&#8243; _builder_version=\u00bb4.16&#8243; _module_preset=\u00bbdefault\u00bb global_colors_info=\u00bb{}\u00bb][et_pb_video src=\u00bbhttps:\/\/youtu.be\/ZLXl1dYA0h0?si=0SqkQELi7a0QMJbF\u00bb _builder_version=\u00bb4.19.0&#8243; _module_preset=\u00bbdefault\u00bb locked=\u00bboff\u00bb global_colors_info=\u00bb{}\u00bb][\/et_pb_video][et_pb_toggle title=\u00bbEpisodio 8 &#8211; DISCERNIMIENTO ESPIRITUAL\u00bb icon_color=\u00bb#000000&#8243; _builder_version=\u00bb4.16&#8243; _module_preset=\u00bbdefault\u00bb title_font=\u00bb|700|||||||\u00bb locked=\u00bboff\u00bb global_colors_info=\u00bb{}\u00bb]<\/p>\n<p class=\"title style-scope ytd-video-primary-info-renderer\"><yt-formatted-string force-default-style=\"\" class=\"style-scope ytd-video-primary-info-renderer\">Distinciones ulteriores<\/yt-formatted-string><\/p>\n<p>[\/et_pb_toggle][\/et_pb_column][\/et_pb_row][et_pb_row column_structure=\u00bb1_2,1_2&#8243; _builder_version=\u00bb4.16&#8243; _module_preset=\u00bbdefault\u00bb width=\u00bb79%\u00bb max_width=\u00bb2100px\u00bb global_colors_info=\u00bb{}\u00bb][et_pb_column type=\u00bb1_2&#8243; _builder_version=\u00bb4.16&#8243; _module_preset=\u00bbdefault\u00bb global_colors_info=\u00bb{}\u00bb][et_pb_video src=\u00bbhttps:\/\/youtu.be\/mTrLdm7RJbs?si=L3TNna7m7DKLfb7L\u00bb _builder_version=\u00bb4.19.0&#8243; _module_preset=\u00bbdefault\u00bb locked=\u00bboff\u00bb global_colors_info=\u00bb{}\u00bb][\/et_pb_video][et_pb_toggle title=\u00bbEpisodio 9 &#8211; DISCERNIMIENTO ESPIRITUAL\u00bb icon_color=\u00bb#000000&#8243; _builder_version=\u00bb4.16&#8243; _module_preset=\u00bbdefault\u00bb title_font=\u00bb|700|||||||\u00bb locked=\u00bboff\u00bb global_colors_info=\u00bb{}\u00bb]<\/p>\n<p class=\"title style-scope ytd-video-primary-info-renderer\"><yt-formatted-string force-default-style=\"\" class=\"style-scope ytd-video-primary-info-renderer\">Distinciones ulteriores<\/yt-formatted-string><\/p>\n<p>[\/et_pb_toggle][\/et_pb_column][et_pb_column type=\u00bb1_2&#8243; _builder_version=\u00bb4.16&#8243; _module_preset=\u00bbdefault\u00bb global_colors_info=\u00bb{}\u00bb][et_pb_video src=\u00bbhttps:\/\/youtu.be\/iB8aJHvF7DY?si=0JN3E6oczkGO8xr7&#8243; _builder_version=\u00bb4.19.0&#8243; _module_preset=\u00bbdefault\u00bb locked=\u00bboff\u00bb global_colors_info=\u00bb{}\u00bb][\/et_pb_video][et_pb_toggle title=\u00bbEpisodio 10 &#8211; DISCERNIMIENTO ESPIRITUAL\u00bb icon_color=\u00bb#000000&#8243; _builder_version=\u00bb4.16&#8243; _module_preset=\u00bbdefault\u00bb title_font=\u00bb|700|||||||\u00bb locked=\u00bboff\u00bb global_colors_info=\u00bb{}\u00bb]<\/p>\n<p class=\"title style-scope ytd-video-primary-info-renderer\"><yt-formatted-string force-default-style=\"\" class=\"style-scope ytd-video-primary-info-renderer\">Discernir Esp\u00edritus<\/yt-formatted-string><\/p>\n<p>[\/et_pb_toggle][\/et_pb_column][\/et_pb_row][et_pb_row column_structure=\u00bb1_2,1_2&#8243; _builder_version=\u00bb4.16&#8243; _module_preset=\u00bbdefault\u00bb width=\u00bb79%\u00bb max_width=\u00bb2100px\u00bb global_colors_info=\u00bb{}\u00bb][et_pb_column type=\u00bb1_2&#8243; _builder_version=\u00bb4.16&#8243; _module_preset=\u00bbdefault\u00bb global_colors_info=\u00bb{}\u00bb][et_pb_video src=\u00bbhttps:\/\/vimeo.com\/667008146&#8243; _builder_version=\u00bb4.16&#8243; _module_preset=\u00bbdefault\u00bb locked=\u00bboff\u00bb global_colors_info=\u00bb{}\u00bb][\/et_pb_video][et_pb_video _builder_version=\u00bb4.16&#8243; _module_preset=\u00bbdefault\u00bb locked=\u00bboff\u00bb global_colors_info=\u00bb{}\u00bb][\/et_pb_video][et_pb_video _builder_version=\u00bb4.16&#8243; _module_preset=\u00bbdefault\u00bb locked=\u00bboff\u00bb global_colors_info=\u00bb{}\u00bb][\/et_pb_video][et_pb_toggle title=\u00bbEpisodio 11 &#8211; DISCERNIMIENTO ESPIRITUAL\u00bb icon_color=\u00bb#000000&#8243; _builder_version=\u00bb4.16&#8243; _module_preset=\u00bbdefault\u00bb title_font=\u00bb|700|||||||\u00bb locked=\u00bboff\u00bb global_colors_info=\u00bb{}\u00bb]<\/p>\n<p class=\"title style-scope ytd-video-primary-info-renderer\"><span>Discernir Esp\u00edritus II<\/span><\/p>\n<p>[\/et_pb_toggle][\/et_pb_column][et_pb_column type=\u00bb1_2&#8243; _builder_version=\u00bb4.16&#8243; _module_preset=\u00bbdefault\u00bb global_colors_info=\u00bb{}\u00bb][et_pb_video src=\u00bbhttps:\/\/vimeo.com\/667013282&#8243; _builder_version=\u00bb4.16&#8243; _module_preset=\u00bbdefault\u00bb locked=\u00bboff\u00bb global_colors_info=\u00bb{}\u00bb][\/et_pb_video][et_pb_toggle title=\u00bbEpisodio 12 &#8211; DISCERNIMIENTO ESPIRITUAL\u00bb icon_color=\u00bb#000000&#8243; _builder_version=\u00bb4.16&#8243; _module_preset=\u00bbdefault\u00bb title_font=\u00bb|700|||||||\u00bb locked=\u00bboff\u00bb global_colors_info=\u00bb{}\u00bb]<\/p>\n<p class=\"title style-scope ytd-video-primary-info-renderer\"><span>Tentaciones y toma de decisiones 1<\/span><\/p>\n<p>[\/et_pb_toggle][\/et_pb_column][\/et_pb_row][et_pb_row column_structure=\u00bb1_2,1_2&#8243; _builder_version=\u00bb4.16&#8243; _module_preset=\u00bbdefault\u00bb width=\u00bb79%\u00bb max_width=\u00bb2100px\u00bb global_colors_info=\u00bb{}\u00bb][et_pb_column type=\u00bb1_2&#8243; _builder_version=\u00bb4.16&#8243; _module_preset=\u00bbdefault\u00bb global_colors_info=\u00bb{}\u00bb][et_pb_video src=\u00bbhttps:\/\/vimeo.com\/667017471&#8243; _builder_version=\u00bb4.16&#8243; _module_preset=\u00bbdefault\u00bb locked=\u00bboff\u00bb global_colors_info=\u00bb{}\u00bb][\/et_pb_video][et_pb_toggle title=\u00bbEpisodio 13 &#8211; DISCERNIMIENTO ESPIRITUAL\u00bb icon_color=\u00bb#000000&#8243; _builder_version=\u00bb4.16&#8243; _module_preset=\u00bbdefault\u00bb title_font=\u00bb|700|||||||\u00bb locked=\u00bboff\u00bb global_colors_info=\u00bb{}\u00bb]<\/p>\n<p class=\"title style-scope ytd-video-primary-info-renderer\"><span>Tentaciones<\/span><\/p>\n<p>[\/et_pb_toggle][\/et_pb_column][et_pb_column type=\u00bb1_2&#8243; _builder_version=\u00bb4.16&#8243; _module_preset=\u00bbdefault\u00bb global_colors_info=\u00bb{}\u00bb][et_pb_video src=\u00bbhttps:\/\/vimeo.com\/667020330&#8243; _builder_version=\u00bb4.16&#8243; _module_preset=\u00bbdefault\u00bb locked=\u00bboff\u00bb global_colors_info=\u00bb{}\u00bb][\/et_pb_video][et_pb_toggle title=\u00bbEpisodio Final &#8211; DISCERNIMIENTO ESPIRITUAL\u00bb icon_color=\u00bb#000000&#8243; _builder_version=\u00bb4.16&#8243; _module_preset=\u00bbdefault\u00bb title_font=\u00bb|700|||||||\u00bb locked=\u00bboff\u00bb global_colors_info=\u00bb{}\u00bb]<\/p>\n<p class=\"title style-scope ytd-video-primary-info-renderer\"><span>Toma de Decisiones<\/span><\/p>\n<p>[\/et_pb_toggle][\/et_pb_column][\/et_pb_row][\/et_pb_section][et_pb_section fb_built=\u00bb1&#8243; admin_label=\u00bbFooter\u00bb _builder_version=\u00bb4.16&#8243; use_background_color_gradient=\u00bbon\u00bb background_color_gradient_stops=\u00bb#ffffff 0%|rgba(36,46,66,0) 75%\u00bb background_color_gradient_overlays_image=\u00bbon\u00bb background_color_gradient_start=\u00bb#ffffff\u00bb background_color_gradient_end=\u00bbrgba(36,46,66,0)\u00bb background_color_gradient_end_position=\u00bb75%\u00bb background_image=\u00bbhttps:\/\/conocetufe.org\/wp-content\/uploads\/2022\/01\/sight-seeing-51.jpg\u00bb custom_padding=\u00bb||20vw\u00bb locked=\u00bboff\u00bb global_colors_info=\u00bb{}\u00bb][et_pb_row _builder_version=\u00bb4.16&#8243; width=\u00bb100%\u00bb max_width=\u00bbnone\u00bb locked=\u00bboff\u00bb global_colors_info=\u00bb{}\u00bb][et_pb_column type=\u00bb4_4&#8243; _builder_version=\u00bb4.16&#8243; custom_padding=\u00bb|||\u00bb global_colors_info=\u00bb{}\u00bb custom_padding__hover=\u00bb|||\u00bb][et_pb_image src=\u00bbhttps:\/\/conocetufe.org\/wp-content\/uploads\/2022\/01\/foot.jpg\u00bb title_text=\u00bbfoot\u00bb show_bottom_space=\u00bboff\u00bb force_fullwidth=\u00bbon\u00bb _builder_version=\u00bb4.16&#8243; custom_margin=\u00bb-154px|||||\u00bb global_colors_info=\u00bb{}\u00bb][\/et_pb_image][\/et_pb_column][\/et_pb_row][\/et_pb_section]<\/p>\n","protected":false},"excerpt":{"rendered":"<p>Descubriendo la Felicidad\u00bbEl discernimiento espiritual seg\u00fan la espiritualidad Ignaciana\u00bbElegir el camino que me lleva hacia Dios, es elegir el camino de la felicidad. \u00bfC\u00f3mo elegir el camino sin equivocarnos? Necesitamos un instrumento para ello, una herramienta que nos conduzca por el verdadero camino. Esa herramienta, es el discernimiento espiritual. Microprograma a cargo del p. Gerardo [&hellip;]<\/p>\n","protected":false},"author":1,"featured_media":0,"parent":0,"menu_order":0,"comment_status":"closed","ping_status":"closed","template":"","meta":{"_et_pb_use_builder":"on","_et_pb_old_content":"","_et_gb_content_width":"","footnotes":""},"class_list":["post-1490","page","type-page","status-publish","hentry"],"yoast_head":"<!-- This site is optimized with the Yoast SEO plugin v26.8 - https:\/\/yoast.com\/product\/yoast-seo-wordpress\/ -->\n<title>Descubriendo la Felicidad - Conoce tu fe<\/title>\n<meta name=\"robots\" content=\"index, follow, max-snippet:-1, max-image-preview:large, max-video-preview:-1\" \/>\n<link rel=\"canonical\" href=\"https:\/\/conocetufe.org\/index.php\/descubriendo-la-felicidad\/\" \/>\n<meta property=\"og:locale\" content=\"es_ES\" \/>\n<meta property=\"og:type\" content=\"article\" \/>\n<meta property=\"og:title\" content=\"Descubriendo la Felicidad - Conoce tu fe\" \/>\n<meta property=\"og:description\" content=\"Descubriendo la Felicidad&quot;El discernimiento espiritual seg\u00fan la espiritualidad Ignaciana&quot;Elegir el camino que me lleva hacia Dios, es elegir el camino de la felicidad. \u00bfC\u00f3mo elegir el camino sin equivocarnos? Necesitamos un instrumento para ello, una herramienta que nos conduzca por el verdadero camino. Esa herramienta, es el discernimiento espiritual. Microprograma a cargo del p. Gerardo [&hellip;]\" \/>\n<meta property=\"og:url\" content=\"https:\/\/conocetufe.org\/index.php\/descubriendo-la-felicidad\/\" \/>\n<meta property=\"og:site_name\" content=\"Conoce tu fe\" \/>\n<meta property=\"article:modified_time\" content=\"2023-11-23T20:09:20+00:00\" \/>\n<meta name=\"twitter:card\" content=\"summary_large_image\" \/>\n<script type=\"application\/ld+json\" class=\"yoast-schema-graph\">{\"@context\":\"https:\/\/schema.org\",\"@graph\":[{\"@type\":\"WebPage\",\"@id\":\"https:\/\/conocetufe.org\/index.php\/descubriendo-la-felicidad\/\",\"url\":\"https:\/\/conocetufe.org\/index.php\/descubriendo-la-felicidad\/\",\"name\":\"Descubriendo la Felicidad - Conoce tu fe\",\"isPartOf\":{\"@id\":\"https:\/\/conocetufe.org\/#website\"},\"datePublished\":\"2022-01-14T20:37:09+00:00\",\"dateModified\":\"2023-11-23T20:09:20+00:00\",\"breadcrumb\":{\"@id\":\"https:\/\/conocetufe.org\/index.php\/descubriendo-la-felicidad\/#breadcrumb\"},\"inLanguage\":\"es-PE\",\"potentialAction\":[{\"@type\":\"ReadAction\",\"target\":[\"https:\/\/conocetufe.org\/index.php\/descubriendo-la-felicidad\/\"]}]},{\"@type\":\"BreadcrumbList\",\"@id\":\"https:\/\/conocetufe.org\/index.php\/descubriendo-la-felicidad\/#breadcrumb\",\"itemListElement\":[{\"@type\":\"ListItem\",\"position\":1,\"name\":\"Home\",\"item\":\"https:\/\/conocetufe.org\/\"},{\"@type\":\"ListItem\",\"position\":2,\"name\":\"Descubriendo la Felicidad\"}]},{\"@type\":\"WebSite\",\"@id\":\"https:\/\/conocetufe.org\/#website\",\"url\":\"https:\/\/conocetufe.org\/\",\"name\":\"Conoce tu fe\",\"description\":\"Una escuela de conocimiento cat\u00f3lico\",\"potentialAction\":[{\"@type\":\"SearchAction\",\"target\":{\"@type\":\"EntryPoint\",\"urlTemplate\":\"https:\/\/conocetufe.org\/?s={search_term_string}\"},\"query-input\":{\"@type\":\"PropertyValueSpecification\",\"valueRequired\":true,\"valueName\":\"search_term_string\"}}],\"inLanguage\":\"es-PE\"}]}<\/script>\n<!-- \/ Yoast SEO plugin. -->","yoast_head_json":{"title":"Descubriendo la Felicidad - Conoce tu fe","robots":{"index":"index","follow":"follow","max-snippet":"max-snippet:-1","max-image-preview":"max-image-preview:large","max-video-preview":"max-video-preview:-1"},"canonical":"https:\/\/conocetufe.org\/index.php\/descubriendo-la-felicidad\/","og_locale":"es_ES","og_type":"article","og_title":"Descubriendo la Felicidad - Conoce tu fe","og_description":"Descubriendo la Felicidad\"El discernimiento espiritual seg\u00fan la espiritualidad Ignaciana\"Elegir el camino que me lleva hacia Dios, es elegir el camino de la felicidad. \u00bfC\u00f3mo elegir el camino sin equivocarnos? Necesitamos un instrumento para ello, una herramienta que nos conduzca por el verdadero camino. Esa herramienta, es el discernimiento espiritual. Microprograma a cargo del p. Gerardo [&hellip;]","og_url":"https:\/\/conocetufe.org\/index.php\/descubriendo-la-felicidad\/","og_site_name":"Conoce tu fe","article_modified_time":"2023-11-23T20:09:20+00:00","twitter_card":"summary_large_image","schema":{"@context":"https:\/\/schema.org","@graph":[{"@type":"WebPage","@id":"https:\/\/conocetufe.org\/index.php\/descubriendo-la-felicidad\/","url":"https:\/\/conocetufe.org\/index.php\/descubriendo-la-felicidad\/","name":"Descubriendo la Felicidad - Conoce tu fe","isPartOf":{"@id":"https:\/\/conocetufe.org\/#website"},"datePublished":"2022-01-14T20:37:09+00:00","dateModified":"2023-11-23T20:09:20+00:00","breadcrumb":{"@id":"https:\/\/conocetufe.org\/index.php\/descubriendo-la-felicidad\/#breadcrumb"},"inLanguage":"es-PE","potentialAction":[{"@type":"ReadAction","target":["https:\/\/conocetufe.org\/index.php\/descubriendo-la-felicidad\/"]}]},{"@type":"BreadcrumbList","@id":"https:\/\/conocetufe.org\/index.php\/descubriendo-la-felicidad\/#breadcrumb","itemListElement":[{"@type":"ListItem","position":1,"name":"Home","item":"https:\/\/conocetufe.org\/"},{"@type":"ListItem","position":2,"name":"Descubriendo la Felicidad"}]},{"@type":"WebSite","@id":"https:\/\/conocetufe.org\/#website","url":"https:\/\/conocetufe.org\/","name":"Conoce tu fe","description":"Una escuela de conocimiento cat\u00f3lico","potentialAction":[{"@type":"SearchAction","target":{"@type":"EntryPoint","urlTemplate":"https:\/\/conocetufe.org\/?s={search_term_string}"},"query-input":{"@type":"PropertyValueSpecification","valueRequired":true,"valueName":"search_term_string"}}],"inLanguage":"es-PE"}]}},"_links":{"self":[{"href":"https:\/\/conocetufe.org\/index.php\/wp-json\/wp\/v2\/pages\/1490","targetHints":{"allow":["GET"]}}],"collection":[{"href":"https:\/\/conocetufe.org\/index.php\/wp-json\/wp\/v2\/pages"}],"about":[{"href":"https:\/\/conocetufe.org\/index.php\/wp-json\/wp\/v2\/types\/page"}],"author":[{"embeddable":true,"href":"https:\/\/conocetufe.org\/index.php\/wp-json\/wp\/v2\/users\/1"}],"replies":[{"embeddable":true,"href":"https:\/\/conocetufe.org\/index.php\/wp-json\/wp\/v2\/comments?post=1490"}],"version-history":[{"count":16,"href":"https:\/\/conocetufe.org\/index.php\/wp-json\/wp\/v2\/pages\/1490\/revisions"}],"predecessor-version":[{"id":2226,"href":"https:\/\/conocetufe.org\/index.php\/wp-json\/wp\/v2\/pages\/1490\/revisions\/2226"}],"wp:attachment":[{"href":"https:\/\/conocetufe.org\/index.php\/wp-json\/wp\/v2\/media?parent=1490"}],"curies":[{"name":"wp","href":"https:\/\/api.w.org\/{rel}","templated":true}]}}